{"id":336,"date":"2022-06-28T15:36:50","date_gmt":"2022-06-28T13:36:50","guid":{"rendered":"http:\/\/baukustik.smart4u.io\/?page_id=336"},"modified":"2023-08-08T07:40:46","modified_gmt":"2023-08-08T05:40:46","slug":"home1","status":"publish","type":"page","link":"https:\/\/codesys.simlogic.pl\/","title":{"rendered":"Home1"},"content":{"rendered":"\t\t<div data-elementor-type=\"wp-page\" data-elementor-id=\"336\" class=\"elementor elementor-336\" data-elementor-settings=\"{&quot;element_pack_global_tooltip_width&quot;:{&quot;unit&quot;:&quot;px&quot;,&quot;size&quot;:&quot;&quot;,&quot;sizes&quot;:[]},&quot;element_pack_global_tooltip_width_tablet&quot;:{&quot;unit&quot;:&quot;px&quot;,&quot;size&quot;:&quot;&quot;,&quot;sizes&quot;:[]},&quot;element_pack_global_tooltip_width_mobile&quot;:{&quot;unit&quot;:&quot;px&quot;,&quot;size&quot;:&quot;&quot;,&quot;sizes&quot;:[]},&quot;element_pack_global_tooltip_padding&quot;:{&quot;unit&quot;:&quot;px&quot;,&quot;top&quot;:&quot;&quot;,&quot;right&quot;:&quot;&quot;,&quot;bottom&quot;:&quot;&quot;,&quot;left&quot;:&quot;&quot;,&quot;isLinked&quot;:true},&quot;element_pack_global_tooltip_padding_tablet&quot;:{&quot;unit&quot;:&quot;px&quot;,&quot;top&quot;:&quot;&quot;,&quot;right&quot;:&quot;&quot;,&quot;bottom&quot;:&quot;&quot;,&quot;left&quot;:&quot;&quot;,&quot;isLinked&quot;:true},&quot;element_pack_global_tooltip_padding_mobile&quot;:{&quot;unit&quot;:&quot;px&quot;,&quot;top&quot;:&quot;&quot;,&quot;right&quot;:&quot;&quot;,&quot;bottom&quot;:&quot;&quot;,&quot;left&quot;:&quot;&quot;,&quot;isLinked&quot;:true},&quot;element_pack_global_tooltip_border_radius&quot;:{&quot;unit&quot;:&quot;px&quot;,&quot;top&quot;:&quot;&quot;,&quot;right&quot;:&quot;&quot;,&quot;bottom&quot;:&quot;&quot;,&quot;left&quot;:&quot;&quot;,&quot;isLinked&quot;:true},&quot;element_pack_global_tooltip_border_radius_tablet&quot;:{&quot;unit&quot;:&quot;px&quot;,&quot;top&quot;:&quot;&quot;,&quot;right&quot;:&quot;&quot;,&quot;bottom&quot;:&quot;&quot;,&quot;left&quot;:&quot;&quot;,&quot;isLinked&quot;:true},&quot;element_pack_global_tooltip_border_radius_mobile&quot;:{&quot;unit&quot;:&quot;px&quot;,&quot;top&quot;:&quot;&quot;,&quot;right&quot;:&quot;&quot;,&quot;bottom&quot;:&quot;&quot;,&quot;left&quot;:&quot;&quot;,&quot;isLinked&quot;:true}}\" data-elementor-post-type=\"page\">\n\t\t\t\t<div class=\"elementor-element elementor-element-8ca82bb e-con-full e-flex e-con e-parent\" data-id=\"8ca82bb\" data-element_type=\"container\" data-e-type=\"container\">\n\t\t\t\t<div class=\"elementor-element elementor-element-d1ffa7d elementor--h-position-center elementor--v-position-middle elementor-widget elementor-widget-slides\" data-id=\"d1ffa7d\" data-element_type=\"widget\" data-e-type=\"widget\" data-settings=\"{&quot;navigation&quot;:&quot;none&quot;,&quot;autoplay_speed&quot;:2000,&quot;autoplay&quot;:&quot;yes&quot;,&quot;infinite&quot;:&quot;yes&quot;,&quot;transition&quot;:&quot;slide&quot;,&quot;transition_speed&quot;:500}\" data-widget_type=\"slides.default\">\n\t\t\t\t<div class=\"elementor-widget-container\">\n\t\t\t\t\t\t\t\t\t<div class=\"elementor-swiper\">\n\t\t\t\t\t<div class=\"elementor-slides-wrapper elementor-main-swiper swiper\" role=\"region\" aria-roledescription=\"carousel\" aria-label=\"Slides\" dir=\"ltr\" data-animation=\"\">\n\t\t\t\t<div class=\"swiper-wrapper elementor-slides\">\n\t\t\t\t\t\t\t\t\t\t<div class=\"elementor-repeater-item-a7cdaff swiper-slide\" role=\"group\" aria-roledescription=\"slide\"><div class=\"swiper-slide-bg\" role=\"img\" aria-label=\"csm_CODESYS-service-keyvisual_e681d784d4\"><\/div><div class=\"swiper-slide-inner\" ><div class=\"swiper-slide-contents\"><\/div><\/div><\/div><div class=\"elementor-repeater-item-6c4f0a2 swiper-slide\" role=\"group\" aria-roledescription=\"slide\"><div class=\"swiper-slide-bg\" role=\"img\" aria-label=\"csm_CODESYS-visualization-keyvisual_25d8c0bf92\"><\/div><div class=\"swiper-slide-inner\" ><div class=\"swiper-slide-contents\"><\/div><\/div><\/div><div class=\"elementor-repeater-item-e0853ee swiper-slide\" role=\"group\" aria-roledescription=\"slide\"><div class=\"swiper-slide-bg\" role=\"img\" aria-label=\"csm_CODESYS-runtime-keyvisual_0ffed42b2f\"><\/div><div class=\"swiper-slide-inner\" ><div class=\"swiper-slide-contents\"><\/div><\/div><\/div><div class=\"elementor-repeater-item-b2bd808 swiper-slide\" role=\"group\" aria-roledescription=\"slide\"><div class=\"swiper-slide-bg\" role=\"img\" aria-label=\"csm_CODESYS-safety-keyvisual_54a5181483\"><\/div><div class=\"swiper-slide-inner\" ><div class=\"swiper-slide-contents\"><\/div><\/div><\/div><div class=\"elementor-repeater-item-9bc5e67 swiper-slide\" role=\"group\" aria-roledescription=\"slide\"><div class=\"swiper-slide-bg\" role=\"img\" aria-label=\"csm_CODESYS-engineering-keyvisual_01_a0697dfd15\"><\/div><div class=\"swiper-slide-inner\" ><div class=\"swiper-slide-contents\"><\/div><\/div><\/div><div class=\"elementor-repeater-item-7ae8ae8 swiper-slide\" role=\"group\" aria-roledescription=\"slide\"><div class=\"swiper-slide-bg\" role=\"img\" aria-label=\"csm_CODESYS-automation-server-keyvisual_43aa4ac3c1\"><\/div><div class=\"swiper-slide-inner\" ><div class=\"swiper-slide-contents\"><\/div><\/div><\/div><div class=\"elementor-repeater-item-8cff65d swiper-slide\" role=\"group\" aria-roledescription=\"slide\"><div class=\"swiper-slide-bg\" role=\"img\" aria-label=\"csm_CODESYS-fieldbus-keyvisual_01_598e0123d7\"><\/div><div class=\"swiper-slide-inner\" ><div class=\"swiper-slide-contents\"><\/div><\/div><\/div>\t\t\t\t<\/div>\n\t\t\t\t\t\t\t\t\t\t\t\t\t\t\t\t\t\t\t\t\t<\/div>\n\t\t\t\t<\/div>\n\t\t\t\t\t\t\t\t<\/div>\n\t\t\t\t<\/div>\n\t\t\t\t<\/div>\n\t\t<div class=\"elementor-element elementor-element-343edbe e-flex e-con-boxed e-con e-parent\" data-id=\"343edbe\" data-element_type=\"container\" data-e-type=\"container\" data-settings=\"{&quot;background_background&quot;:&quot;classic&quot;}\">\n\t\t\t\t\t<div class=\"e-con-inner\">\n\t\t\t\t<div class=\"elementor-element elementor-element-c1046fc elementor-widget elementor-widget-text-editor\" data-id=\"c1046fc\" data-element_type=\"widget\" data-e-type=\"widget\" data-widget_type=\"text-editor.default\">\n\t\t\t\t<div class=\"elementor-widget-container\">\n\t\t\t\t\t\t\t\t\t<h1>CODESYS<\/h1><p><strong>CODESYS &#8211; kompletny pakiet oprogramowania dla technologii automatyzacji<\/strong><\/p>\t\t\t\t\t\t\t\t<\/div>\n\t\t\t\t<\/div>\n\t\t\t\t\t<\/div>\n\t\t\t\t<\/div>\n\t\t<div class=\"elementor-element elementor-element-a554851 e-flex e-con-boxed e-con e-parent\" data-id=\"a554851\" data-element_type=\"container\" data-e-type=\"container\">\n\t\t\t\t\t<div class=\"e-con-inner\">\n\t\t\t\t<div class=\"elementor-element elementor-element-12e145a elementor-widget elementor-widget-text-editor\" data-id=\"12e145a\" data-element_type=\"widget\" data-e-type=\"widget\" data-widget_type=\"text-editor.default\">\n\t\t\t\t<div class=\"elementor-widget-container\">\n\t\t\t\t\t\t\t\t\t<p>CODESYS to platforma oprogramowania zaprojektowana tak, aby spe\u0142nia\u0107 r\u00f3\u017cne wymagania nowoczesnych projekt\u00f3w automatyki przemys\u0142owej. Oprogramowanie CODESYS jest zgodnym z IEC 61131-3 narz\u0119dziem programowania. Oferuje zintegrowane, \u0142atwe w obs\u0142udze rozwi\u0105zania do obs\u0142ugi u\u017cytkownika.<\/p>\t\t\t\t\t\t\t\t<\/div>\n\t\t\t\t<\/div>\n\t\t\t\t\t<\/div>\n\t\t\t\t<\/div>\n\t\t<div class=\"elementor-element elementor-element-4b9e95e e-flex e-con-boxed e-con e-parent\" data-id=\"4b9e95e\" data-element_type=\"container\" data-e-type=\"container\" data-settings=\"{&quot;background_background&quot;:&quot;classic&quot;}\">\n\t\t\t\t\t<div class=\"e-con-inner\">\n\t\t<div class=\"elementor-element elementor-element-5b14b4a e-con-full e-flex e-con e-parent\" data-id=\"5b14b4a\" data-element_type=\"container\" data-e-type=\"container\">\n\t\t\t\t<\/div>\n\t\t<div class=\"elementor-element elementor-element-deeb2d9 e-con-full e-flex e-con e-parent\" data-id=\"deeb2d9\" data-element_type=\"container\" data-e-type=\"container\" data-settings=\"{&quot;background_background&quot;:&quot;classic&quot;}\">\n\t\t\t\t<div class=\"elementor-element elementor-element-66d9401 elementor-widget elementor-widget-heading\" data-id=\"66d9401\" data-element_type=\"widget\" data-e-type=\"widget\" data-widget_type=\"heading.default\">\n\t\t\t\t<div class=\"elementor-widget-container\">\n\t\t\t\t\t<h3 class=\"elementor-heading-title elementor-size-default\">Aktualno\u015bci<\/h3>\t\t\t\t<\/div>\n\t\t\t\t<\/div>\n\t\t\t\t<\/div>\n\t\t<div class=\"elementor-element elementor-element-a10f184 e-con-full e-flex e-con e-parent\" data-id=\"a10f184\" data-element_type=\"container\" data-e-type=\"container\">\n\t\t\t\t<\/div>\n\t\t\t\t\t<\/div>\n\t\t\t\t<\/div>\n\t\t<div class=\"elementor-element elementor-element-1c54138 e-flex e-con-boxed e-con e-parent\" data-id=\"1c54138\" data-element_type=\"container\" data-e-type=\"container\" data-settings=\"{&quot;background_background&quot;:&quot;classic&quot;}\">\n\t\t\t\t\t<div class=\"e-con-inner\">\n\t\t<div class=\"elementor-element elementor-element-ee72b99 e-con-full e-flex e-con e-parent\" data-id=\"ee72b99\" data-element_type=\"container\" data-e-type=\"container\">\n\t\t\t\t<\/div>\n\t\t<div class=\"elementor-element elementor-element-220fc3a e-con-full e-flex e-con e-parent\" data-id=\"220fc3a\" data-element_type=\"container\" data-e-type=\"container\">\n\t\t<div class=\"elementor-element elementor-element-a66aa6d e-flex e-con-boxed e-con e-parent\" data-id=\"a66aa6d\" data-element_type=\"container\" data-e-type=\"container\" data-settings=\"{&quot;background_background&quot;:&quot;classic&quot;}\">\n\t\t\t\t\t<div class=\"e-con-inner\">\n\t\t\t\t<div class=\"elementor-element elementor-element-b313120 elementor-grid-3 elementor-grid-tablet-2 elementor-grid-mobile-1 elementor-posts--thumbnail-top elementor-widget elementor-widget-posts\" data-id=\"b313120\" data-element_type=\"widget\" data-e-type=\"widget\" data-settings=\"{&quot;classic_columns&quot;:&quot;3&quot;,&quot;classic_columns_tablet&quot;:&quot;2&quot;,&quot;classic_columns_mobile&quot;:&quot;1&quot;,&quot;classic_row_gap&quot;:{&quot;unit&quot;:&quot;px&quot;,&quot;size&quot;:35,&quot;sizes&quot;:[]},&quot;classic_row_gap_tablet&quot;:{&quot;unit&quot;:&quot;px&quot;,&quot;size&quot;:&quot;&quot;,&quot;sizes&quot;:[]},&quot;classic_row_gap_mobile&quot;:{&quot;unit&quot;:&quot;px&quot;,&quot;size&quot;:&quot;&quot;,&quot;sizes&quot;:[]}}\" data-widget_type=\"posts.classic\">\n\t\t\t\t<div class=\"elementor-widget-container\">\n\t\t\t\t\t\t\t<div class=\"elementor-posts-container elementor-posts elementor-posts--skin-classic elementor-grid\" role=\"list\">\n\t\t\t\t<article class=\"elementor-post elementor-grid-item post-4101 post type-post status-publish format-standard hentry category-bez-kategorii\" role=\"listitem\">\n\t\t\t\t<div class=\"elementor-post__text\">\n\t\t\t\t<h3 class=\"elementor-post__title\">\n\t\t\t<a href=\"https:\/\/codesys.simlogic.pl\/?p=4101\" >\n\t\t\t\tCODESYS V3.5 SP21 wydany\t\t\t<\/a>\n\t\t<\/h3>\n\t\t\t\t<div class=\"elementor-post__meta-data\">\n\t\t\t\t\t<span class=\"elementor-post-date\">\n\t\t\t2025-03-18\t\t<\/span>\n\t\t\t\t<\/div>\n\t\t\t\t<div class=\"elementor-post__excerpt\">\n\t\t\t<p>CODESYS V3.5 SP21 zosta\u0142 wydany i jest ju\u017c dost\u0119pny do pobrania w sklepie CODESYS. Nowa wersja jest gotowa do pobrania w sklepie CODESYS. Odpowiednie dokumenty<\/p>\n\t\t<\/div>\n\t\t\n\t\t<a class=\"elementor-post__read-more\" href=\"https:\/\/codesys.simlogic.pl\/?p=4101\" aria-label=\"Read more about CODESYS V3.5 SP21 wydany\" tabindex=\"-1\" >\n\t\t\tWi\u0119cej \u00bb\t\t<\/a>\n\n\t\t\t\t<\/div>\n\t\t\t\t<\/article>\n\t\t\t\t<article class=\"elementor-post elementor-grid-item post-4000 post type-post status-publish format-standard hentry category-bez-kategorii\" role=\"listitem\">\n\t\t\t\t<div class=\"elementor-post__text\">\n\t\t\t\t<h3 class=\"elementor-post__title\">\n\t\t\t<a href=\"https:\/\/codesys.simlogic.pl\/?p=4000\" >\n\t\t\t\tCODESYS Virtual Safe Control SL certyfikowany i wydany!\t\t\t<\/a>\n\t\t<\/h3>\n\t\t\t\t<div class=\"elementor-post__meta-data\">\n\t\t\t\t\t<span class=\"elementor-post-date\">\n\t\t\t2025-01-24\t\t<\/span>\n\t\t\t\t<\/div>\n\t\t\t\t<div class=\"elementor-post__excerpt\">\n\t\t\t<p>Wirtualny sterownik bezpiecze\u0144stwa CODESYS Virtual Safe Control SL zosta\u0142 certyfikowany przez T\u00dcV S\u00fcd. Produkt jest ju\u017c dost\u0119pny w sklepie CODESYS. CODESYS Virtual Safe Control SL<\/p>\n\t\t<\/div>\n\t\t\n\t\t<a class=\"elementor-post__read-more\" href=\"https:\/\/codesys.simlogic.pl\/?p=4000\" aria-label=\"Read more about CODESYS Virtual Safe Control SL certyfikowany i wydany!\" tabindex=\"-1\" >\n\t\t\tWi\u0119cej \u00bb\t\t<\/a>\n\n\t\t\t\t<\/div>\n\t\t\t\t<\/article>\n\t\t\t\t<article class=\"elementor-post elementor-grid-item post-3852 post type-post status-publish format-standard hentry category-bez-kategorii\" role=\"listitem\">\n\t\t\t\t<div class=\"elementor-post__text\">\n\t\t\t\t<h3 class=\"elementor-post__title\">\n\t\t\t<a href=\"https:\/\/codesys.simlogic.pl\/?p=3852\" >\n\t\t\t\tG\u0142osuj na Static Analysis Release 5.0.0.0 jako &#8222;Produkt Roku&#8221;\t\t\t<\/a>\n\t\t<\/h3>\n\t\t\t\t<div class=\"elementor-post__meta-data\">\n\t\t\t\t\t<span class=\"elementor-post-date\">\n\t\t\t2025-01-15\t\t<\/span>\n\t\t\t\t<\/div>\n\t\t\t\t<div class=\"elementor-post__excerpt\">\n\t\t\t<p>&nbsp; &nbsp; Redakcja czasopisma bran\u017cowego\u00a0Computer &amp; Automation nominowa\u0142a produkt CODESYS Static Analysis Release 5.0.0.0 do nagrody czytelnik\u00f3w &#8222;Produkt Roku&#8221;. Firma CODESYS b\u0119dzie wdzi\u0119czna za Pa\u0144stwa<\/p>\n\t\t<\/div>\n\t\t\n\t\t<a class=\"elementor-post__read-more\" href=\"https:\/\/codesys.simlogic.pl\/?p=3852\" aria-label=\"Read more about G\u0142osuj na Static Analysis Release 5.0.0.0 jako &#8222;Produkt Roku&#8221;\" tabindex=\"-1\" >\n\t\t\tWi\u0119cej \u00bb\t\t<\/a>\n\n\t\t\t\t<\/div>\n\t\t\t\t<\/article>\n\t\t\t\t<article class=\"elementor-post elementor-grid-item post-3846 post type-post status-publish format-standard hentry category-bez-kategorii\" role=\"listitem\">\n\t\t\t\t<div class=\"elementor-post__text\">\n\t\t\t\t<h3 class=\"elementor-post__title\">\n\t\t\t<a href=\"https:\/\/codesys.simlogic.pl\/?p=3846\" >\n\t\t\t\tAcontis i CODESYS planuj\u0105 wsp\u00f3\u0142prac\u0119 produktow\u0105.\t\t\t<\/a>\n\t\t<\/h3>\n\t\t\t\t<div class=\"elementor-post__meta-data\">\n\t\t\t\t\t<span class=\"elementor-post-date\">\n\t\t\t2024-12-09\t\t<\/span>\n\t\t\t\t<\/div>\n\t\t\t\t<div class=\"elementor-post__excerpt\">\n\t\t\t<p>Kempten\/Niemcy, grudzie\u0144 2024 r.: acontis technologies GmbH i Grupa CODESYS \u0142\u0105cz\u0105 si\u0142y, aby wprowadzi\u0107 na rynek produkty dzia\u0142aj\u0105ce w czasie rzeczywistym. &nbsp; &nbsp; Acontis technologies<\/p>\n\t\t<\/div>\n\t\t\n\t\t<a class=\"elementor-post__read-more\" href=\"https:\/\/codesys.simlogic.pl\/?p=3846\" aria-label=\"Read more about Acontis i CODESYS planuj\u0105 wsp\u00f3\u0142prac\u0119 produktow\u0105.\" tabindex=\"-1\" >\n\t\t\tWi\u0119cej \u00bb\t\t<\/a>\n\n\t\t\t\t<\/div>\n\t\t\t\t<\/article>\n\t\t\t\t<article class=\"elementor-post elementor-grid-item post-3789 post type-post status-publish format-standard hentry category-bez-kategorii\" role=\"listitem\">\n\t\t\t\t<div class=\"elementor-post__text\">\n\t\t\t\t<h3 class=\"elementor-post__title\">\n\t\t\t<a href=\"https:\/\/codesys.simlogic.pl\/?p=3789\" >\n\t\t\t\tWydanie techniczne CODESYS Virtual Safe Control SL\t\t\t<\/a>\n\t\t<\/h3>\n\t\t\t\t<div class=\"elementor-post__meta-data\">\n\t\t\t\t\t<span class=\"elementor-post-date\">\n\t\t\t2024-11-11\t\t<\/span>\n\t\t\t\t<\/div>\n\t\t\t\t<div class=\"elementor-post__excerpt\">\n\t\t\t<p>Kempten\/Niemcy, listopad 2024 r.: Og\u0142oszona w 2023 r. wirtualna kontrola bezpiecze\u0144stwa CODESYS zosta\u0142a technicznie wydana i oczekuje na certyfikacj\u0119 T\u00dcV S\u00fcd. Po wprowadzeniu na rynek,<\/p>\n\t\t<\/div>\n\t\t\n\t\t<a class=\"elementor-post__read-more\" href=\"https:\/\/codesys.simlogic.pl\/?p=3789\" aria-label=\"Read more about Wydanie techniczne CODESYS Virtual Safe Control SL\" tabindex=\"-1\" >\n\t\t\tWi\u0119cej \u00bb\t\t<\/a>\n\n\t\t\t\t<\/div>\n\t\t\t\t<\/article>\n\t\t\t\t<article class=\"elementor-post elementor-grid-item post-3782 post type-post status-publish format-standard hentry category-bez-kategorii\" role=\"listitem\">\n\t\t\t\t<div class=\"elementor-post__text\">\n\t\t\t\t<h3 class=\"elementor-post__title\">\n\t\t\t<a href=\"https:\/\/codesys.simlogic.pl\/?p=3782\" >\n\t\t\t\tNowy Dyrektor Sprzeda\u017cy w Grupie CODESYS\t\t\t<\/a>\n\t\t<\/h3>\n\t\t\t\t<div class=\"elementor-post__meta-data\">\n\t\t\t\t\t<span class=\"elementor-post-date\">\n\t\t\t2024-10-28\t\t<\/span>\n\t\t\t\t<\/div>\n\t\t\t\t<div class=\"elementor-post__excerpt\">\n\t\t\t<p>Kempten\/Niemcy, pa\u017adziernik 2024 r.: Boris Schuster nowym szefem sprzeda\u017cy w CODESYS. &nbsp; &nbsp; Od po\u0142owy pa\u017adziernika Grupa CODESYS ma nowego lidera na czele zespo\u0142u sprzeda\u017cy:<\/p>\n\t\t<\/div>\n\t\t\n\t\t<a class=\"elementor-post__read-more\" href=\"https:\/\/codesys.simlogic.pl\/?p=3782\" aria-label=\"Read more about Nowy Dyrektor Sprzeda\u017cy w Grupie CODESYS\" tabindex=\"-1\" >\n\t\t\tWi\u0119cej \u00bb\t\t<\/a>\n\n\t\t\t\t<\/div>\n\t\t\t\t<\/article>\n\t\t\t\t<article class=\"elementor-post elementor-grid-item post-3775 post type-post status-publish format-standard hentry category-bez-kategorii\" role=\"listitem\">\n\t\t\t\t<div class=\"elementor-post__text\">\n\t\t\t\t<h3 class=\"elementor-post__title\">\n\t\t\t<a href=\"https:\/\/codesys.simlogic.pl\/?p=3775\" >\n\t\t\t\tCODESYS na targach CIIF 2024 w Szanghaju\t\t\t<\/a>\n\t\t<\/h3>\n\t\t\t\t<div class=\"elementor-post__meta-data\">\n\t\t\t\t\t<span class=\"elementor-post-date\">\n\t\t\t2024-09-27\t\t<\/span>\n\t\t\t\t<\/div>\n\t\t\t\t<div class=\"elementor-post__excerpt\">\n\t\t\t<p>CODESYS Software System (Beijing) Co., Ltd. na targach CIIF 2024 w Szanghaju. Chi\u0144ski zesp\u00f3\u0142 firmy CODESYS po raz kolejny by\u0142 reprezentowany na CIIF ze \u015bwietnym<\/p>\n\t\t<\/div>\n\t\t\n\t\t<a class=\"elementor-post__read-more\" href=\"https:\/\/codesys.simlogic.pl\/?p=3775\" aria-label=\"Read more about CODESYS na targach CIIF 2024 w Szanghaju\" tabindex=\"-1\" >\n\t\t\tWi\u0119cej \u00bb\t\t<\/a>\n\n\t\t\t\t<\/div>\n\t\t\t\t<\/article>\n\t\t\t\t<article class=\"elementor-post elementor-grid-item post-3685 post type-post status-publish format-standard hentry category-bez-kategorii\" role=\"listitem\">\n\t\t\t\t<div class=\"elementor-post__text\">\n\t\t\t\t<h3 class=\"elementor-post__title\">\n\t\t\t<a href=\"https:\/\/codesys.simlogic.pl\/?p=3685\" >\n\t\t\t\tRN Embedded Solutions Private Limited: nowy dystrybutor w Indiach\t\t\t<\/a>\n\t\t<\/h3>\n\t\t\t\t<div class=\"elementor-post__meta-data\">\n\t\t\t\t\t<span class=\"elementor-post-date\">\n\t\t\t2024-08-01\t\t<\/span>\n\t\t\t\t<\/div>\n\t\t\t\t<div class=\"elementor-post__excerpt\">\n\t\t\t<p>&nbsp; Z przyjemno\u015bci\u0105 informujemy, \u017ce\u00a0RN Embedded Solutions Private Limited\u00a0jest teraz oficjalnym dystrybutorem CODESYS w Indiach. Za\u0142o\u017cona w 2022 roku firma RN Embedded Solutions jest dostawc\u0105<\/p>\n\t\t<\/div>\n\t\t\n\t\t<a class=\"elementor-post__read-more\" href=\"https:\/\/codesys.simlogic.pl\/?p=3685\" aria-label=\"Read more about RN Embedded Solutions Private Limited: nowy dystrybutor w Indiach\" tabindex=\"-1\" >\n\t\t\tWi\u0119cej \u00bb\t\t<\/a>\n\n\t\t\t\t<\/div>\n\t\t\t\t<\/article>\n\t\t\t\t<article class=\"elementor-post elementor-grid-item post-3472 post type-post status-publish format-standard hentry category-bez-kategorii\" role=\"listitem\">\n\t\t\t\t<div class=\"elementor-post__text\">\n\t\t\t\t<h3 class=\"elementor-post__title\">\n\t\t\t<a href=\"https:\/\/codesys.simlogic.pl\/?p=3472\" >\n\t\t\t\tNagroda Best of Industry 2024: nominacja CODESYS Virtual Safe Control SL\t\t\t<\/a>\n\t\t<\/h3>\n\t\t\t\t<div class=\"elementor-post__meta-data\">\n\t\t\t\t\t<span class=\"elementor-post-date\">\n\t\t\t2024-07-15\t\t<\/span>\n\t\t\t\t<\/div>\n\t\t\t\t<div class=\"elementor-post__excerpt\">\n\t\t\t<p>Od wbudowanych p\u0142yt po farmy IT: dzi\u0119ki CODESYS Virtual Control SL mo\u017cesz przekszta\u0142ci\u0107 dowolny system w jeden lub wi\u0119cej sterownik\u00f3w przemys\u0142owych \u2014 niezale\u017cnie od podstruktury<\/p>\n\t\t<\/div>\n\t\t\n\t\t<a class=\"elementor-post__read-more\" href=\"https:\/\/codesys.simlogic.pl\/?p=3472\" aria-label=\"Read more about Nagroda Best of Industry 2024: nominacja CODESYS Virtual Safe Control SL\" tabindex=\"-1\" >\n\t\t\tWi\u0119cej \u00bb\t\t<\/a>\n\n\t\t\t\t<\/div>\n\t\t\t\t<\/article>\n\t\t\t\t<\/div>\n\t\t\n\t\t\t\t\t\t<\/div>\n\t\t\t\t<\/div>\n\t\t\t\t\t<\/div>\n\t\t\t\t<\/div>\n\t\t\t\t<\/div>\n\t\t<div class=\"elementor-element elementor-element-13824a4 e-con-full e-flex e-con e-parent\" data-id=\"13824a4\" data-element_type=\"container\" data-e-type=\"container\">\n\t\t\t\t<\/div>\n\t\t\t\t\t<\/div>\n\t\t\t\t<\/div>\n\t\t\t\t<\/div>\n\t\t","protected":false},"excerpt":{"rendered":"<p>CODESYS CODESYS &#8211; kompletny pakiet oprogramowania dla technologii automatyzacji CODESYS to platforma oprogramowania zaprojektowana tak, aby spe\u0142nia\u0107 r\u00f3\u017cne wymagania nowoczesnych projekt\u00f3w automatyki przemys\u0142owej. Oprogramowanie CODESYS jest zgodnym z IEC 61131-3 narz\u0119dziem programowania. Oferuje zintegrowane, \u0142atwe w obs\u0142udze rozwi\u0105zania do obs\u0142ugi u\u017cytkownika. Aktualno\u015bci<\/p>\n","protected":false},"author":1,"featured_media":0,"parent":0,"menu_order":0,"comment_status":"closed","ping_status":"closed","template":"elementor_header_footer","meta":{"footnotes":""},"class_list":["post-336","page","type-page","status-publish","hentry"],"_links":{"self":[{"href":"https:\/\/codesys.simlogic.pl\/index.php?rest_route=\/wp\/v2\/pages\/336","targetHints":{"allow":["GET"]}}],"collection":[{"href":"https:\/\/codesys.simlogic.pl\/index.php?rest_route=\/wp\/v2\/pages"}],"about":[{"href":"https:\/\/codesys.simlogic.pl\/index.php?rest_route=\/wp\/v2\/types\/page"}],"author":[{"embeddable":true,"href":"https:\/\/codesys.simlogic.pl\/index.php?rest_route=\/wp\/v2\/users\/1"}],"replies":[{"embeddable":true,"href":"https:\/\/codesys.simlogic.pl\/index.php?rest_route=%2Fwp%2Fv2%2Fcomments&post=336"}],"version-history":[{"count":199,"href":"https:\/\/codesys.simlogic.pl\/index.php?rest_route=\/wp\/v2\/pages\/336\/revisions"}],"predecessor-version":[{"id":3359,"href":"https:\/\/codesys.simlogic.pl\/index.php?rest_route=\/wp\/v2\/pages\/336\/revisions\/3359"}],"wp:attachment":[{"href":"https:\/\/codesys.simlogic.pl\/index.php?rest_route=%2Fwp%2Fv2%2Fmedia&parent=336"}],"curies":[{"name":"wp","href":"https:\/\/api.w.org\/{rel}","templated":true}]}}